{"id":113,"date":"2021-11-26T10:59:14","date_gmt":"2021-11-26T13:59:14","guid":{"rendered":"http:\/\/localhost\/rekpay\/?page_id=113"},"modified":"2021-11-26T10:59:14","modified_gmt":"2021-11-26T13:59:14","slug":"quem-somos","status":"publish","type":"page","link":"https:\/\/rekpay.com.br\/site\/quem-somos\/","title":{"rendered":"Quem somos"},"content":{"rendered":"\n<p class=\"has-text-align-center\">A Rek Pay \u00e9 uma carteira digital que tem como ess\u00eancia a praticidade e comodidade.<\/p>\n\n\n\n<p class=\"has-text-align-center\">Com foco na desburocratiza\u00e7\u00e3o dos processos, simplificamos o dia a dia de nossos clientes.<\/p>\n\n\n\n<p class=\"has-text-align-center\">Fazemos parte do Grupo Rek Parking, empresa que tem mais de 20 anos de experi\u00eancia na gest\u00e3o, <\/p>\n\n\n\n<p class=\"has-text-align-center\">administra\u00e7\u00e3o e explora\u00e7\u00e3o de estacionamentos em locais p\u00fablicos e privados.<br><br><\/p>\n\n\n\n<p class=\"has-text-align-center\">Com a Rek Pay tudo \u00e9 feito em poucos cliques, desde emiss\u00e3o de t\u00edquetes de estacionamento rotativo<\/p>\n\n\n\n<p class=\"has-text-align-center\">da Rek Parking, ativa\u00e7\u00e3o, renova\u00e7\u00e3o e gerenciamento das horas estacionado, como regulariza\u00e7\u00e3o<\/p>\n\n\n\n<p class=\"has-text-align-center\">de notifica\u00e7\u00f5es e pagamento de t\u00edquete de forma pr\u00e1tica e r\u00e1pida.<br><br><\/p>\n\n\n\n<p class=\"has-text-align-center\">Buscando sempre otimizar o tempo dos nossos clientes, inovamos e criamos<\/p>\n\n\n\n<p class=\"has-text-align-center\">a Tag Ped\u00e1gio Rek Pay, feita para quem n\u00e3o quer parar no tempo.<\/p>\n\n\n\n<p class=\"has-text-align-center\">Sem precisar esperar na fila ou contar moedas. Passou, pagou e liberou, simples assim.<\/p>\n","protected":false},"excerpt":{"rendered":"<p>A Rek Pay \u00e9 uma carteira digital que tem como ess\u00eancia a praticidade e comodidade. Com foco na desburocratiza\u00e7\u00e3o dos processos, simplificamos o dia a dia de nossos clientes. Fazemos parte do Grupo Rek Parking, empresa que tem mais de 20 anos de experi\u00eancia na gest\u00e3o, administra\u00e7\u00e3o e explora\u00e7\u00e3o de estacionamentos em locais p\u00fablicos e &hellip; <\/p>\n<p class=\"link-more\"><a href=\"https:\/\/rekpay.com.br\/site\/quem-somos\/\" class=\"more-link\">Continue lendo<span class=\"screen-reader-text\"> &#8220;Quem somos&#8221;<\/span><\/a><\/p>\n","protected":false},"author":1,"featured_media":0,"parent":0,"menu_order":0,"comment_status":"closed","ping_status":"closed","template":"","meta":{"footnotes":""},"acf":[],"_links":{"self":[{"href":"https:\/\/rekpay.com.br\/site\/wp-json\/wp\/v2\/pages\/113"}],"collection":[{"href":"https:\/\/rekpay.com.br\/site\/wp-json\/wp\/v2\/pages"}],"about":[{"href":"https:\/\/rekpay.com.br\/site\/wp-json\/wp\/v2\/types\/page"}],"author":[{"embeddable":true,"href":"https:\/\/rekpay.com.br\/site\/wp-json\/wp\/v2\/users\/1"}],"replies":[{"embeddable":true,"href":"https:\/\/rekpay.com.br\/site\/wp-json\/wp\/v2\/comments?post=113"}],"version-history":[{"count":0,"href":"https:\/\/rekpay.com.br\/site\/wp-json\/wp\/v2\/pages\/113\/revisions"}],"wp:attachment":[{"href":"https:\/\/rekpay.com.br\/site\/wp-json\/wp\/v2\/media?parent=113"}],"curies":[{"name":"wp","href":"https:\/\/api.w.org\/{rel}","templated":true}]}}